{"id":1407,"date":"2019-05-21T23:35:13","date_gmt":"2019-05-21T21:35:13","guid":{"rendered":"https:\/\/www.kplast.fr\/unser-beruf\/"},"modified":"2019-05-26T19:33:16","modified_gmt":"2019-05-26T17:33:16","slug":"unser-beruf","status":"publish","type":"page","link":"https:\/\/www.kplast.fr\/de\/unser-beruf\/","title":{"rendered":"Unser Beruf"},"content":{"rendered":"<div class=\"flex_column av_one_full  flex_column_div av-zero-column-padding first  avia-builder-el-0  el_before_av_masonry_gallery  avia-builder-el-no-sibling  \" style='border-radius:0px; '><div  style='padding-bottom:0px; color:#666666;font-size:3vw;' class='av-special-heading av-special-heading-h3 custom-color-heading blockquote modern-quote modern-centered  avia-builder-el-1  avia-builder-el-no-sibling  titre-et-sous-titre av-inherit-size '><h3 class='av-special-heading-tag '  itemprop=\"headline\"  >K Plast ist in der Herstellung von technischen Formteilen aus Thermoplasten spezialisiert<\/h3><div class='special-heading-border'><div class='special-heading-inner-border' style='border-color:#666666'><\/div><\/div><\/div><\/div>\n<div id='av-masonry-1' class='av-masonry noHover av-fixed-size av-large-gap av-hover-overlay- av-masonry-col-3 av-caption-on-hover av-caption-style- av-masonry-gallery   av-orientation-landscape-large   av-medium-columns-overwrite av-medium-columns-2 av-small-columns-overwrite av-small-columns-1 av-mini-columns-overwrite av-mini-columns-1' style='background-color:#ffffff; ' ><div class='av-masonry-container isotope av-js-disabled ' ><div class='av-masonry-entry isotope-item av-masonry-item-no-image '><\/div><div id='av-masonry-1-item-1330' data-av-masonry-item='1330' class='av-masonry-entry isotope-item post-1330 attachment type-attachment status-inherit hentry  av-masonry-item-with-image'   itemprop=\"thumbnailUrl\" ><div class='av-inner-masonry-sizer'><\/div><figure class='av-inner-masonry main_color'><div class=\"av-masonry-outerimage-container\"><div class=\"av-masonry-image-container\" style=\"background-image: url(https:\/\/www.kplast.fr\/wp-content\/uploads\/2019\/03\/Comprehension-du-client-Injection-Plastique-705x458.jpg);\"><img decoding=\"async\" src=\"https:\/\/www.kplast.fr\/wp-content\/uploads\/2019\/03\/Comprehension-du-client-Injection-Plastique-705x458.jpg\" title=\"Kundenverst\u00e4ndnis\" alt=\"Kundenverst\u00e4ndnis - Kunststoffspritzgiessen\" \/><div style=\"display:flex; height: 100%\"><h3 style=\"margin:auto;\" class='av-masonry-entry-title entry-title' >Kundenverst\u00e4ndnis<\/h3><\/div><\/div><\/div><figcaption class='av-inner-masonry-content site-background'><div class='av-inner-masonry-content-pos'><div class='av-inner-masonry-content-pos-content'><div class='avia-arrow'><\/div><div class='av-masonry-entry-content entry-content'  itemprop=\"text\" >Im Mittelpunkt: Der Kunde. Die Kundenbed\u00fcrfnisse verstehen, um den Erfolg zu erzielen.<\/div><\/div><\/div><\/figcaption><\/figure><\/div><!--end av-masonry entry--><div id='av-masonry-1-item-1333' data-av-masonry-item='1333' class='av-masonry-entry isotope-item post-1333 attachment type-attachment status-inherit hentry  av-masonry-item-with-image'   itemprop=\"thumbnailUrl\" ><div class='av-inner-masonry-sizer'><\/div><figure class='av-inner-masonry main_color'><div class=\"av-masonry-outerimage-container\"><div class=\"av-masonry-image-container\" style=\"background-image: url(https:\/\/www.kplast.fr\/wp-content\/uploads\/2019\/03\/Conception-Innovation-Injection-Plastique.jpg);\"><img decoding=\"async\" src=\"https:\/\/www.kplast.fr\/wp-content\/uploads\/2019\/03\/Conception-Innovation-Injection-Plastique.jpg\" title=\"Projektierung \u2013 Innovation\" alt=\"Projektierung \u2013 Innovation - Kunststoffspritzgiessen\" \/><div style=\"display:flex; height: 100%\"><h3 style=\"margin:auto;\" class='av-masonry-entry-title entry-title'  itemprop=\"text\" >Projektierung \u2013 Innovation<\/h3><\/div><\/div><\/div><figcaption class='av-inner-masonry-content site-background'><div class='av-inner-masonry-content-pos'><div class='av-inner-masonry-content-pos-content'><div class='avia-arrow'><\/div><div class='av-masonry-entry-content entry-content'  itemprop=\"text\" >Projektierung und Innovation: Die Expertise von K Plast f\u00fcr die beste technische wirtschaftliche L\u00f6sung<\/div><\/div><\/div><\/figcaption><\/figure><\/div><!--end av-masonry entry--><div id='av-masonry-1-item-1339' data-av-masonry-item='1339' class='av-masonry-entry isotope-item post-1339 attachment type-attachment status-inherit hentry  av-masonry-item-with-image'   itemprop=\"thumbnailUrl\" ><div class='av-inner-masonry-sizer'><\/div><figure class='av-inner-masonry main_color'><div class=\"av-masonry-outerimage-container\"><div class=\"av-masonry-image-container\" style=\"background-image: url(https:\/\/www.kplast.fr\/wp-content\/uploads\/2019\/03\/Industrialisation-Injection-Plastique.jpg);\"><img decoding=\"async\" src=\"https:\/\/www.kplast.fr\/wp-content\/uploads\/2019\/03\/Industrialisation-Injection-Plastique.jpg\" title=\"Industrialisierung\" alt=\"Industrialisierung - Kunststoffspritzgiessen\" \/><div style=\"display:flex; height: 100%\"><h3 style=\"margin:auto;\" class='av-masonry-entry-title entry-title'  itemprop=\"text\" >Industrialisierung<\/h3><\/div><\/div><\/div><figcaption class='av-inner-masonry-content site-background'><div class='av-inner-masonry-content-pos'><div class='av-inner-masonry-content-pos-content'><div class='avia-arrow'><\/div><div class='av-masonry-entry-content entry-content'  itemprop=\"text\" >Ausgewogene Ressourcen mittels internationaler und langj\u00e4hriger Partner<\/div><\/div><\/div><\/figcaption><\/figure><\/div><!--end av-masonry entry--><div id='av-masonry-1-item-1342' data-av-masonry-item='1342' class='av-masonry-entry isotope-item post-1342 attachment type-attachment status-inherit hentry  av-masonry-item-with-image'   itemprop=\"thumbnailUrl\" ><div class='av-inner-masonry-sizer'><\/div><figure class='av-inner-masonry main_color'><div class=\"av-masonry-outerimage-container\"><div class=\"av-masonry-image-container\" style=\"background-image: url(https:\/\/www.kplast.fr\/wp-content\/uploads\/2019\/03\/Production-Injection-Plastique.jpg);\"><img decoding=\"async\" src=\"https:\/\/www.kplast.fr\/wp-content\/uploads\/2019\/03\/Production-Injection-Plastique.jpg\" title=\"Fertigung\" alt=\"Fertigung- Experten in Kunststoffspritzgiessen \" \/><div style=\"display:flex; height: 100%\"><h3 style=\"margin:auto;\" class='av-masonry-entry-title entry-title'  itemprop=\"text\" >Fertigung<\/h3><\/div><\/div><\/div><figcaption class='av-inner-masonry-content site-background'><div class='av-inner-masonry-content-pos'><div class='av-inner-masonry-content-pos-content'><div class='avia-arrow'><\/div><div class='av-masonry-entry-content entry-content'  itemprop=\"text\" >Experten in Kunststoffspritzgiessen und eine Anlagepark mit Robotern um stabile und optimierte Prozesse zu gew\u00e4hrleisten<\/div><\/div><\/div><\/figcaption><\/figure><\/div><!--end av-masonry entry--><div id='av-masonry-1-item-1336' data-av-masonry-item='1336' class='av-masonry-entry isotope-item post-1336 attachment type-attachment status-inherit hentry  av-masonry-item-with-image'   itemprop=\"thumbnailUrl\" ><div class='av-inner-masonry-sizer'><\/div><figure class='av-inner-masonry main_color'><div class=\"av-masonry-outerimage-container\"><div class=\"av-masonry-image-container\" style=\"background-image: url(https:\/\/www.kplast.fr\/wp-content\/uploads\/2019\/03\/Controle-qualite-Injection-Plastique.jpg);\"><img decoding=\"async\" src=\"https:\/\/www.kplast.fr\/wp-content\/uploads\/2019\/03\/Controle-qualite-Injection-Plastique.jpg\" title=\"Qualit\u00e4t\" alt=\"Qualit\u00e4t - Kunststoffspritzgiessen\" \/><div style=\"display:flex; height: 100%\"><h3 style=\"margin:auto;\" class='av-masonry-entry-title entry-title'  itemprop=\"text\" >Qualit\u00e4t<\/h3><\/div><\/div><\/div><figcaption class='av-inner-masonry-content site-background'><div class='av-inner-masonry-content-pos'><div class='av-inner-masonry-content-pos-content'><div class='avia-arrow'><\/div><div class='av-masonry-entry-content entry-content'  itemprop=\"text\" >3D-Messungen und Qualit\u00e4tskontrolle um die Qualit\u00e4t der Fertigung zu best\u00e4tigen<\/div><\/div><\/div><\/figcaption><\/figure><\/div><!--end av-masonry entry--><div id='av-masonry-1-item-1345' data-av-masonry-item='1345' class='av-masonry-entry isotope-item post-1345 attachment type-attachment status-inherit hentry  av-masonry-item-with-image'   itemprop=\"thumbnailUrl\" ><div class='av-inner-masonry-sizer'><\/div><figure class='av-inner-masonry main_color'><div class=\"av-masonry-outerimage-container\"><div class=\"av-masonry-image-container\" style=\"background-image: url(https:\/\/www.kplast.fr\/wp-content\/uploads\/2019\/03\/Stockage-Injection-Plastique.jpg);\"><img decoding=\"async\" src=\"https:\/\/www.kplast.fr\/wp-content\/uploads\/2019\/03\/Stockage-Injection-Plastique.jpg\" title=\"Lager\" alt=\"Lager - Experten in Kunststoffspritzgiessen \" \/><div style=\"display:flex; height: 100%\"><h3 style=\"margin:auto;\" class='av-masonry-entry-title entry-title'  itemprop=\"text\" >Lager<\/h3><\/div><\/div><\/div><figcaption class='av-inner-masonry-content site-background'><div class='av-inner-masonry-content-pos'><div class='av-inner-masonry-content-pos-content'><div class='avia-arrow'><\/div><div class='av-masonry-entry-content entry-content'  itemprop=\"text\" >Just-In-Time Supply Chain<\/div><\/div><\/div><\/figcaption><\/figure><\/div><!--end av-masonry entry--><\/div><\/div>\n<div id='av_section_1'  class='avia-section main_color avia-section-default avia-no-shadow  avia-bg-style-scroll  avia-builder-el-3  el_after_av_masonry_gallery  avia-builder-el-last   container_wrap fullsize' style=' '  ><div class='container' ><div class='template-page content  av-content-full alpha units'><div class='post-entry post-entry-type-page post-entry-1407'><div class='entry-content-wrapper clearfix'>\n<div  class='avia-button-wrap avia-button-center  avia-builder-el-4  avia-builder-el-no-sibling  contactez-rendez-vous' ><a href='https:\/\/www.kplast.fr\/de\/kontakt\/' class='avia-button avia-button-fullwidth   av-icon-on-hover avia-icon_select-yes-left-icon avia-color-custom '  style='color:#a4383d; background-color:#ffffff; ' ><span class='avia_button_icon avia_button_icon_left' aria-hidden='true' data-av_icon='\ue854' data-av_iconfont='entypo-fontello'><\/span><span class='avia_iconbox_title' >Kontaktieren Sie uns<\/span><span class='avia_button_background avia-button avia-button-fullwidth avia-color-custom' style='background-color:;'><\/span><\/a><\/div>\n\n","protected":false},"excerpt":{"rendered":"","protected":false},"author":1,"featured_media":0,"parent":0,"menu_order":0,"comment_status":"closed","ping_status":"closed","template":"","meta":{"footnotes":""},"class_list":["post-1407","page","type-page","status-publish","hentry"],"aioseo_notices":[],"_links":{"self":[{"href":"https:\/\/www.kplast.fr\/de\/wp-json\/wp\/v2\/pages\/1407","targetHints":{"allow":["GET"]}}],"collection":[{"href":"https:\/\/www.kplast.fr\/de\/wp-json\/wp\/v2\/pages"}],"about":[{"href":"https:\/\/www.kplast.fr\/de\/wp-json\/wp\/v2\/types\/page"}],"author":[{"embeddable":true,"href":"https:\/\/www.kplast.fr\/de\/wp-json\/wp\/v2\/users\/1"}],"replies":[{"embeddable":true,"href":"https:\/\/www.kplast.fr\/de\/wp-json\/wp\/v2\/comments?post=1407"}],"version-history":[{"count":0,"href":"https:\/\/www.kplast.fr\/de\/wp-json\/wp\/v2\/pages\/1407\/revisions"}],"wp:attachment":[{"href":"https:\/\/www.kplast.fr\/de\/wp-json\/wp\/v2\/media?parent=1407"}],"curies":[{"name":"wp","href":"https:\/\/api.w.org\/{rel}","templated":true}]}}